{"id":914,"date":"2024-08-06T10:36:32","date_gmt":"2024-08-06T08:36:32","guid":{"rendered":"http:\/\/www.bortonudvar.hu\/?page_id=914"},"modified":"2024-08-06T10:36:52","modified_gmt":"2024-08-06T08:36:52","slug":"elementor-914","status":"publish","type":"page","link":"https:\/\/www.bortonudvar.hu\/index.php\/elementor-914\/","title":{"rendered":"Elementor #914"},"content":{"rendered":"\t\t<div data-elementor-type=\"wp-page\" data-elementor-id=\"914\" class=\"elementor elementor-914\">\n\t\t\t\t<div class=\"elementor-element elementor-element-7fa2dc55 e-con-full e-flex e-con e-parent\" data-id=\"7fa2dc55\" data-element_type=\"container\" data-e-type=\"container\">\n\t\t<div class=\"elementor-element elementor-element-11b0f0ce e-con-full e-flex e-con e-child\" data-id=\"11b0f0ce\" data-element_type=\"container\" data-e-type=\"container\">\n\t\t<div class=\"elementor-element elementor-element-425aece2 e-con-full e-flex e-con e-child\" data-id=\"425aece2\" data-element_type=\"container\" data-e-type=\"container\">\n\t\t\t\t<div class=\"elementor-element elementor-element-2fe4dab2 elementor-widget elementor-widget-heading\" data-id=\"2fe4dab2\" data-element_type=\"widget\" data-e-type=\"widget\" data-widget_type=\"heading.default\">\n\t\t\t\t<div class=\"elementor-widget-container\">\n\t\t\t\t\t<h1 class=\"elementor-heading-title elementor-size-default\">A sz\u00e1ll\u00e1shely, mely rabul ejt.<\/h1>\t\t\t\t<\/div>\n\t\t\t\t<\/div>\n\t\t\t\t<div class=\"elementor-element elementor-element-365af02e elementor-widget__width-initial elementor-invisible elementor-widget elementor-widget-text-editor\" data-id=\"365af02e\" data-element_type=\"widget\" data-e-type=\"widget\" data-settings=\"{&quot;_animation&quot;:&quot;fadeInDown&quot;}\" data-widget_type=\"text-editor.default\">\n\t\t\t\t<div class=\"elementor-widget-container\">\n\t\t\t\t\t\t\t\t\t<p>J\u00e1szber\u00e9ny k\u00f6zpontj\u00e1ban elhelyezked\u0151 \u00e9p\u00fclet a r\u00e9gi b\u00f6rt\u00f6n udvar\u00e1ban tal\u00e1lhat\u00f3. A cell\u00e1kat felv\u00e1ltott\u00e1k az ig\u00e9nyes szob\u00e1k, illetve a rendezett k\u00f6rnyezet, az udvarban pedig sz\u00e1mos parkol\u00f3 tal\u00e1lhat\u00f3.\u00a0<\/p>\t\t\t\t\t\t\t\t<\/div>\n\t\t\t\t<\/div>\n\t\t\t\t<\/div>\n\t\t\t\t<div class=\"elementor-element elementor-element-14da5193 elementor-invisible elementor-widget elementor-widget-heading\" data-id=\"14da5193\" data-element_type=\"widget\" data-e-type=\"widget\" data-settings=\"{&quot;_animation&quot;:&quot;fadeInUp&quot;}\" data-widget_type=\"heading.default\">\n\t\t\t\t<div class=\"elementor-widget-container\">\n\t\t\t\t\t<span class=\"elementor-heading-title elementor-size-default\">r\u00f3lunk<\/span>\t\t\t\t<\/div>\n\t\t\t\t<\/div>\n\t\t\t\t<\/div>\n\t\t<div class=\"elementor-element elementor-element-6f9efb58 e-con-full e-flex e-con e-child\" data-id=\"6f9efb58\" data-element_type=\"container\" data-e-type=\"container\" data-settings=\"{&quot;background_background&quot;:&quot;classic&quot;}\">\n\t\t\t\t<\/div>\n\t\t\t\t<\/div>\n\t\t<div class=\"elementor-element elementor-element-2cb2535d e-con-full e-flex e-con e-parent\" data-id=\"2cb2535d\" data-element_type=\"container\" data-e-type=\"container\">\n\t\t<div class=\"elementor-element elementor-element-69060af5 e-con-full e-flex e-con e-child\" data-id=\"69060af5\" data-element_type=\"container\" data-e-type=\"container\" data-settings=\"{&quot;background_background&quot;:&quot;classic&quot;}\">\n\t\t\t\t<\/div>\n\t\t<div class=\"elementor-element elementor-element-5630a2a7 e-con-full e-flex e-con e-child\" data-id=\"5630a2a7\" data-element_type=\"container\" data-e-type=\"container\">\n\t\t\t\t<div class=\"elementor-element elementor-element-368e45ab elementor-widget elementor-widget-heading\" data-id=\"368e45ab\" data-element_type=\"widget\" data-e-type=\"widget\" data-widget_type=\"heading.default\">\n\t\t\t\t<div class=\"elementor-widget-container\">\n\t\t\t\t\t<h2 class=\"elementor-heading-title elementor-size-default\">J\u00e1szber\u00e9nyr\u0151l<\/h2>\t\t\t\t<\/div>\n\t\t\t\t<\/div>\n\t\t\t\t<div class=\"elementor-element elementor-element-44ce72b9 elementor-widget elementor-widget-text-editor\" data-id=\"44ce72b9\" data-element_type=\"widget\" data-e-type=\"widget\" data-widget_type=\"text-editor.default\">\n\t\t\t\t<div class=\"elementor-widget-container\">\n\t\t\t\t\t\t\t\t\t<p>J\u00e1sz-Nagykun-Szolnok v\u00e1rmegye m\u00e1sodik legn\u00e9pesebb v\u00e1rosa, a J\u00e1szs\u00e1g f\u0151v\u00e1rosa az \u00c9szak-Alf\u00f6ld r\u00e9gi\u00f3ban tal\u00e1lhat\u00f3.\u00a0<\/p><p>J\u00e1szber\u00e9ny a f\u0151v\u00e1rost\u00f3l 79 kilom\u00e9terre fekszik \u00e9szak-keleti ir\u00e1nyban. Az orsz\u00e1g legmagasabb hegye, a M\u00e1tra is mind\u00f6ssze 36 kilom\u00e9ter.<\/p><p>J\u00e1szber\u00e9ny\u00a0J\u00e1sz-Nagykun-Szolnok v\u00e1rmegye m\u0171eml\u00e9kekben leggazdagabb telep\u00fcl\u00e9se. Sz\u00e1mos vall\u00e1si \u00e9s vil\u00e1gi \u00e9p\u00edtett k\u00f6rnyezet, eml\u00e9km\u0171 \u00e9s szobor tal\u00e1lhat\u00f3 v\u00e1rosszerte.<\/p><p>A v\u00e1rosban m\u0171k\u00f6dik a nemzetk\u00f6zi h\u00edr\u0171\u00a0J\u00e1szs\u00e1g N\u00e9pi Egy\u00fcttes. Itt rendezik meg minden \u00e9vben a Nemzetk\u00f6zi T\u00e1nch\u00e1z \u00e9s Zen\u00e9szt\u00e1bort, a Cs\u00e1ng\u00f3 Fesztiv\u00e1lt, az\u00a0Orsz\u00e1gos M\u00e9zv\u00e1s\u00e1rt, illetve 2019-t\u0151l \u00faj rendezv\u00e9nnyel b\u0151v\u0171lt a v\u00e1ros,\u00a0 a J\u00e1sz Kolb\u00e1szt\u00f6lt\u0151 Fesztiv\u00e1llal.<\/p>\t\t\t\t\t\t\t\t<\/div>\n\t\t\t\t<\/div>\n\t\t\t\t<\/div>\n\t\t\t\t<\/div>\n\t\t\t\t<\/div>\n\t\t","protected":false},"excerpt":{"rendered":"<p>A sz\u00e1ll\u00e1shely, mely rabul ejt. J\u00e1szber\u00e9ny k\u00f6zpontj\u00e1ban elhelyezked\u0151 \u00e9p\u00fclet a r\u00e9gi b\u00f6rt\u00f6n udvar\u00e1ban tal\u00e1lhat\u00f3. A cell\u00e1kat felv\u00e1ltott\u00e1k az ig\u00e9nyes szob\u00e1k, illetve a rendezett k\u00f6rnyezet, az udvarban pedig sz\u00e1mos parkol\u00f3 tal\u00e1lhat\u00f3.\u00a0 r\u00f3lunk J\u00e1szber\u00e9nyr\u0151l J\u00e1sz-Nagykun-Szolnok v\u00e1rmegye m\u00e1sodik legn\u00e9pesebb v\u00e1rosa, a J\u00e1szs\u00e1g f\u0151v\u00e1rosa az \u00c9szak-Alf\u00f6ld r\u00e9gi\u00f3ban tal\u00e1lhat\u00f3.\u00a0 J\u00e1szber\u00e9ny a f\u0151v\u00e1rost\u00f3l 79 kilom\u00e9terre fekszik \u00e9szak-keleti ir\u00e1nyban. Az orsz\u00e1g legmagasabb [&hellip;]<\/p>\n","protected":false},"author":2,"featured_media":0,"parent":0,"menu_order":0,"comment_status":"closed","ping_status":"closed","template":"elementor_header_footer","meta":{"_eb_attr":"","footnotes":""},"class_list":["post-914","page","type-page","status-publish","hentry"],"yoast_head":"<!-- This site is optimized with the Yoast SEO plugin v26.9 - https:\/\/yoast.com\/product\/yoast-seo-wordpress\/ -->\n<title>Elementor #914 - River Apartmanh\u00e1z ***<\/title>\n<meta name=\"robots\" content=\"index, follow, max-snippet:-1, max-image-preview:large, max-video-preview:-1\" \/>\n<link rel=\"canonical\" href=\"https:\/\/www.bortonudvar.hu\/index.php\/en\/elementor-914\/\" \/>\n<meta property=\"og:locale\" content=\"hu_HU\" \/>\n<meta property=\"og:type\" content=\"article\" \/>\n<meta property=\"og:title\" content=\"Elementor #914 - River Apartmanh\u00e1z ***\" \/>\n<meta property=\"og:description\" content=\"A sz\u00e1ll\u00e1shely, mely rabul ejt. J\u00e1szber\u00e9ny k\u00f6zpontj\u00e1ban elhelyezked\u0151 \u00e9p\u00fclet a r\u00e9gi b\u00f6rt\u00f6n udvar\u00e1ban tal\u00e1lhat\u00f3. A cell\u00e1kat felv\u00e1ltott\u00e1k az ig\u00e9nyes szob\u00e1k, illetve a rendezett k\u00f6rnyezet, az udvarban pedig sz\u00e1mos parkol\u00f3 tal\u00e1lhat\u00f3.\u00a0 r\u00f3lunk J\u00e1szber\u00e9nyr\u0151l J\u00e1sz-Nagykun-Szolnok v\u00e1rmegye m\u00e1sodik legn\u00e9pesebb v\u00e1rosa, a J\u00e1szs\u00e1g f\u0151v\u00e1rosa az \u00c9szak-Alf\u00f6ld r\u00e9gi\u00f3ban tal\u00e1lhat\u00f3.\u00a0 J\u00e1szber\u00e9ny a f\u0151v\u00e1rost\u00f3l 79 kilom\u00e9terre fekszik \u00e9szak-keleti ir\u00e1nyban. Az orsz\u00e1g legmagasabb [&hellip;]\" \/>\n<meta property=\"og:url\" content=\"https:\/\/www.bortonudvar.hu\/index.php\/en\/elementor-914\/\" \/>\n<meta property=\"og:site_name\" content=\"River Apartmanh\u00e1z ***\" \/>\n<meta property=\"article:publisher\" content=\"https:\/\/www.facebook.com\/riverapartman\" \/>\n<meta property=\"article:modified_time\" content=\"2024-08-06T08:36:52+00:00\" \/>\n<meta property=\"og:image\" content=\"https:\/\/www.bortonudvar.hu\/wp-content\/uploads\/2024\/05\/river-apartman-01.png\" \/>\n\t<meta property=\"og:image:width\" content=\"417\" \/>\n\t<meta property=\"og:image:height\" content=\"417\" \/>\n\t<meta property=\"og:image:type\" content=\"image\/png\" \/>\n<meta name=\"twitter:card\" content=\"summary_large_image\" \/>\n<meta name=\"twitter:label1\" content=\"Becs\u00fclt olvas\u00e1si id\u0151\" \/>\n\t<meta name=\"twitter:data1\" content=\"1 perc\" \/>\n<script type=\"application\/ld+json\" class=\"yoast-schema-graph\">{\"@context\":\"https:\/\/schema.org\",\"@graph\":[{\"@type\":\"WebPage\",\"@id\":\"https:\/\/www.bortonudvar.hu\/index.php\/en\/elementor-914\/\",\"url\":\"https:\/\/www.bortonudvar.hu\/index.php\/en\/elementor-914\/\",\"name\":\"Elementor #914 - River Apartmanh\u00e1z ***\",\"isPartOf\":{\"@id\":\"https:\/\/www.bortonudvar.hu\/#website\"},\"datePublished\":\"2024-08-06T08:36:32+00:00\",\"dateModified\":\"2024-08-06T08:36:52+00:00\",\"breadcrumb\":{\"@id\":\"https:\/\/www.bortonudvar.hu\/index.php\/en\/elementor-914\/#breadcrumb\"},\"inLanguage\":\"hu\",\"potentialAction\":[{\"@type\":\"ReadAction\",\"target\":[\"https:\/\/www.bortonudvar.hu\/index.php\/en\/elementor-914\/\"]}]},{\"@type\":\"BreadcrumbList\",\"@id\":\"https:\/\/www.bortonudvar.hu\/index.php\/en\/elementor-914\/#breadcrumb\",\"itemListElement\":[{\"@type\":\"ListItem\",\"position\":1,\"name\":\"Home\",\"item\":\"https:\/\/www.bortonudvar.hu\/\"},{\"@type\":\"ListItem\",\"position\":2,\"name\":\"Elementor #914\"}]},{\"@type\":\"WebSite\",\"@id\":\"https:\/\/www.bortonudvar.hu\/#website\",\"url\":\"https:\/\/www.bortonudvar.hu\/\",\"name\":\"River Apartmanh\u00e1z ***\",\"description\":\"\",\"publisher\":{\"@id\":\"https:\/\/www.bortonudvar.hu\/#organization\"},\"potentialAction\":[{\"@type\":\"SearchAction\",\"target\":{\"@type\":\"EntryPoint\",\"urlTemplate\":\"https:\/\/www.bortonudvar.hu\/?s={search_term_string}\"},\"query-input\":{\"@type\":\"PropertyValueSpecification\",\"valueRequired\":true,\"valueName\":\"search_term_string\"}}],\"inLanguage\":\"hu\"},{\"@type\":\"Organization\",\"@id\":\"https:\/\/www.bortonudvar.hu\/#organization\",\"name\":\"River Apartmanh\u00e1z ***\",\"url\":\"https:\/\/www.bortonudvar.hu\/\",\"logo\":{\"@type\":\"ImageObject\",\"inLanguage\":\"hu\",\"@id\":\"https:\/\/www.bortonudvar.hu\/#\/schema\/logo\/image\/\",\"url\":\"https:\/\/www.bortonudvar.hu\/wp-content\/uploads\/2024\/05\/cropped-river-apartman-01.png\",\"contentUrl\":\"https:\/\/www.bortonudvar.hu\/wp-content\/uploads\/2024\/05\/cropped-river-apartman-01.png\",\"width\":512,\"height\":512,\"caption\":\"River Apartmanh\u00e1z ***\"},\"image\":{\"@id\":\"https:\/\/www.bortonudvar.hu\/#\/schema\/logo\/image\/\"},\"sameAs\":[\"https:\/\/www.facebook.com\/riverapartman\"]}]}<\/script>\n<!-- \/ Yoast SEO plugin. -->","yoast_head_json":{"title":"Elementor #914 - River Apartmanh\u00e1z ***","robots":{"index":"index","follow":"follow","max-snippet":"max-snippet:-1","max-image-preview":"max-image-preview:large","max-video-preview":"max-video-preview:-1"},"canonical":"https:\/\/www.bortonudvar.hu\/index.php\/en\/elementor-914\/","og_locale":"hu_HU","og_type":"article","og_title":"Elementor #914 - River Apartmanh\u00e1z ***","og_description":"A sz\u00e1ll\u00e1shely, mely rabul ejt. J\u00e1szber\u00e9ny k\u00f6zpontj\u00e1ban elhelyezked\u0151 \u00e9p\u00fclet a r\u00e9gi b\u00f6rt\u00f6n udvar\u00e1ban tal\u00e1lhat\u00f3. A cell\u00e1kat felv\u00e1ltott\u00e1k az ig\u00e9nyes szob\u00e1k, illetve a rendezett k\u00f6rnyezet, az udvarban pedig sz\u00e1mos parkol\u00f3 tal\u00e1lhat\u00f3.\u00a0 r\u00f3lunk J\u00e1szber\u00e9nyr\u0151l J\u00e1sz-Nagykun-Szolnok v\u00e1rmegye m\u00e1sodik legn\u00e9pesebb v\u00e1rosa, a J\u00e1szs\u00e1g f\u0151v\u00e1rosa az \u00c9szak-Alf\u00f6ld r\u00e9gi\u00f3ban tal\u00e1lhat\u00f3.\u00a0 J\u00e1szber\u00e9ny a f\u0151v\u00e1rost\u00f3l 79 kilom\u00e9terre fekszik \u00e9szak-keleti ir\u00e1nyban. Az orsz\u00e1g legmagasabb [&hellip;]","og_url":"https:\/\/www.bortonudvar.hu\/index.php\/en\/elementor-914\/","og_site_name":"River Apartmanh\u00e1z ***","article_publisher":"https:\/\/www.facebook.com\/riverapartman","article_modified_time":"2024-08-06T08:36:52+00:00","og_image":[{"width":417,"height":417,"url":"https:\/\/www.bortonudvar.hu\/wp-content\/uploads\/2024\/05\/river-apartman-01.png","type":"image\/png"}],"twitter_card":"summary_large_image","twitter_misc":{"Becs\u00fclt olvas\u00e1si id\u0151":"1 perc"},"schema":{"@context":"https:\/\/schema.org","@graph":[{"@type":"WebPage","@id":"https:\/\/www.bortonudvar.hu\/index.php\/en\/elementor-914\/","url":"https:\/\/www.bortonudvar.hu\/index.php\/en\/elementor-914\/","name":"Elementor #914 - River Apartmanh\u00e1z ***","isPartOf":{"@id":"https:\/\/www.bortonudvar.hu\/#website"},"datePublished":"2024-08-06T08:36:32+00:00","dateModified":"2024-08-06T08:36:52+00:00","breadcrumb":{"@id":"https:\/\/www.bortonudvar.hu\/index.php\/en\/elementor-914\/#breadcrumb"},"inLanguage":"hu","potentialAction":[{"@type":"ReadAction","target":["https:\/\/www.bortonudvar.hu\/index.php\/en\/elementor-914\/"]}]},{"@type":"BreadcrumbList","@id":"https:\/\/www.bortonudvar.hu\/index.php\/en\/elementor-914\/#breadcrumb","itemListElement":[{"@type":"ListItem","position":1,"name":"Home","item":"https:\/\/www.bortonudvar.hu\/"},{"@type":"ListItem","position":2,"name":"Elementor #914"}]},{"@type":"WebSite","@id":"https:\/\/www.bortonudvar.hu\/#website","url":"https:\/\/www.bortonudvar.hu\/","name":"River Apartmanh\u00e1z ***","description":"","publisher":{"@id":"https:\/\/www.bortonudvar.hu\/#organization"},"potentialAction":[{"@type":"SearchAction","target":{"@type":"EntryPoint","urlTemplate":"https:\/\/www.bortonudvar.hu\/?s={search_term_string}"},"query-input":{"@type":"PropertyValueSpecification","valueRequired":true,"valueName":"search_term_string"}}],"inLanguage":"hu"},{"@type":"Organization","@id":"https:\/\/www.bortonudvar.hu\/#organization","name":"River Apartmanh\u00e1z ***","url":"https:\/\/www.bortonudvar.hu\/","logo":{"@type":"ImageObject","inLanguage":"hu","@id":"https:\/\/www.bortonudvar.hu\/#\/schema\/logo\/image\/","url":"https:\/\/www.bortonudvar.hu\/wp-content\/uploads\/2024\/05\/cropped-river-apartman-01.png","contentUrl":"https:\/\/www.bortonudvar.hu\/wp-content\/uploads\/2024\/05\/cropped-river-apartman-01.png","width":512,"height":512,"caption":"River Apartmanh\u00e1z ***"},"image":{"@id":"https:\/\/www.bortonudvar.hu\/#\/schema\/logo\/image\/"},"sameAs":["https:\/\/www.facebook.com\/riverapartman"]}]}},"_links":{"self":[{"href":"https:\/\/www.bortonudvar.hu\/index.php\/wp-json\/wp\/v2\/pages\/914","targetHints":{"allow":["GET"]}}],"collection":[{"href":"https:\/\/www.bortonudvar.hu\/index.php\/wp-json\/wp\/v2\/pages"}],"about":[{"href":"https:\/\/www.bortonudvar.hu\/index.php\/wp-json\/wp\/v2\/types\/page"}],"author":[{"embeddable":true,"href":"https:\/\/www.bortonudvar.hu\/index.php\/wp-json\/wp\/v2\/users\/2"}],"replies":[{"embeddable":true,"href":"https:\/\/www.bortonudvar.hu\/index.php\/wp-json\/wp\/v2\/comments?post=914"}],"version-history":[{"count":4,"href":"https:\/\/www.bortonudvar.hu\/index.php\/wp-json\/wp\/v2\/pages\/914\/revisions"}],"predecessor-version":[{"id":918,"href":"https:\/\/www.bortonudvar.hu\/index.php\/wp-json\/wp\/v2\/pages\/914\/revisions\/918"}],"wp:attachment":[{"href":"https:\/\/www.bortonudvar.hu\/index.php\/wp-json\/wp\/v2\/media?parent=914"}],"curies":[{"name":"wp","href":"https:\/\/api.w.org\/{rel}","templated":true}]}}