{"id":865,"date":"2024-08-05T15:48:25","date_gmt":"2024-08-05T13:48:25","guid":{"rendered":"http:\/\/www.bortonudvar.hu\/?page_id=865"},"modified":"2025-07-21T11:24:06","modified_gmt":"2025-07-21T09:24:06","slug":"szolgaltatasok","status":"publish","type":"page","link":"https:\/\/www.bortonudvar.hu\/index.php\/szolgaltatasok\/","title":{"rendered":"Szolg\u00e1ltat\u00e1sok"},"content":{"rendered":"\t\t<div data-elementor-type=\"wp-page\" data-elementor-id=\"865\" class=\"elementor elementor-865\">\n\t\t\t\t<div class=\"elementor-element elementor-element-7fa2dc55 e-con-full e-flex e-con e-parent\" data-id=\"7fa2dc55\" data-element_type=\"container\" data-e-type=\"container\">\n\t\t<div class=\"elementor-element elementor-element-11b0f0ce e-con-full e-flex e-con e-child\" data-id=\"11b0f0ce\" data-element_type=\"container\" data-e-type=\"container\">\n\t\t<div class=\"elementor-element elementor-element-425aece2 e-con-full e-flex e-con e-child\" data-id=\"425aece2\" data-element_type=\"container\" data-e-type=\"container\">\n\t\t\t\t<div class=\"elementor-element elementor-element-2fe4dab2 elementor-widget elementor-widget-heading\" data-id=\"2fe4dab2\" data-element_type=\"widget\" data-e-type=\"widget\" data-widget_type=\"heading.default\">\n\t\t\t\t<div class=\"elementor-widget-container\">\n\t\t\t\t\t<h1 class=\"elementor-heading-title elementor-size-default\">Szolg\u00e1ltat\u00e1sok<\/h1>\t\t\t\t<\/div>\n\t\t\t\t<\/div>\n\t\t\t\t<div class=\"elementor-element elementor-element-365af02e elementor-widget__width-initial elementor-invisible elementor-widget elementor-widget-text-editor\" data-id=\"365af02e\" data-element_type=\"widget\" data-e-type=\"widget\" data-settings=\"{&quot;_animation&quot;:&quot;fadeInDown&quot;}\" data-widget_type=\"text-editor.default\">\n\t\t\t\t<div class=\"elementor-widget-container\">\n\t\t\t\t\t\t\t\t\t<p>A B\u00f6rt\u00f6nudvar sz\u00e1mos lehet\u0151s\u00e9get k\u00edn\u00e1l azoknak, akik nem csak sz\u00e1ll\u00e1st keresnek. Sz\u00e1mos ruha\u00fczlet, sz\u00e9p\u00e9szeti szolg\u00e1latat\u00f3, fitness terem \u00e9s \u00e9tterem is megtal\u00e1lhat\u00f3 az udvar egyes szegeleteiben.<\/p>\t\t\t\t\t\t\t\t<\/div>\n\t\t\t\t<\/div>\n\t\t\t\t<\/div>\n\t\t\t\t<\/div>\n\t\t<div class=\"elementor-element elementor-element-6f9efb58 e-con-full e-flex e-con e-child\" data-id=\"6f9efb58\" data-element_type=\"container\" data-e-type=\"container\" data-settings=\"{&quot;background_background&quot;:&quot;classic&quot;}\">\n\t\t\t\t<\/div>\n\t\t\t\t<\/div>\n\t\t<div class=\"elementor-element elementor-element-9e79e7a e-flex e-con-boxed e-con e-parent\" data-id=\"9e79e7a\" data-element_type=\"container\" data-e-type=\"container\">\n\t\t\t\t\t<div class=\"e-con-inner\">\n\t\t<div class=\"elementor-element elementor-element-2b98330 e-con-full e-flex e-con e-child\" data-id=\"2b98330\" data-element_type=\"container\" data-e-type=\"container\">\n\t\t\t\t<div class=\"elementor-element elementor-element-faf5812 elementor-widget elementor-widget-image-gallery\" data-id=\"faf5812\" data-element_type=\"widget\" data-e-type=\"widget\" data-widget_type=\"image-gallery.default\">\n\t\t\t\t<div class=\"elementor-widget-container\">\n\t\t\t\t\t\t\t<div class=\"elementor-image-gallery\">\n\t\t\t<div id='gallery-1' class='gallery galleryid-865 gallery-columns-2 gallery-size-full'><figure class='gallery-item'>\n\t\t\t<div class='gallery-icon landscape'>\n\t\t\t\t<a data-elementor-open-lightbox=\"yes\" data-elementor-lightbox-slideshow=\"faf5812\" data-elementor-lightbox-title=\"02\" data-e-action-hash=\"#elementor-action%3Aaction%3Dlightbox%26settings%3DeyJpZCI6ODg2LCJ1cmwiOiJodHRwczpcL1wvd3d3LmJvcnRvbnVkdmFyLmh1XC93cC1jb250ZW50XC91cGxvYWRzXC8yMDI0XC8wOFwvMDIuanBnIiwic2xpZGVzaG93IjoiZmFmNTgxMiJ9\" href='https:\/\/www.bortonudvar.hu\/wp-content\/uploads\/2024\/08\/02.jpg'><img fetchpriority=\"high\" decoding=\"async\" width=\"960\" height=\"641\" src=\"https:\/\/www.bortonudvar.hu\/wp-content\/uploads\/2024\/08\/02.jpg\" class=\"attachment-full size-full\" alt=\"\" \/><\/a>\n\t\t\t<\/div><\/figure><figure class='gallery-item'>\n\t\t\t<div class='gallery-icon landscape'>\n\t\t\t\t<a data-elementor-open-lightbox=\"yes\" data-elementor-lightbox-slideshow=\"faf5812\" data-elementor-lightbox-title=\"1462971180-3775\" data-e-action-hash=\"#elementor-action%3Aaction%3Dlightbox%26settings%3DeyJpZCI6ODgxLCJ1cmwiOiJodHRwczpcL1wvd3d3LmJvcnRvbnVkdmFyLmh1XC93cC1jb250ZW50XC91cGxvYWRzXC8yMDI0XC8wOFwvMTQ2Mjk3MTE4MC0zNzc1LmpwZyIsInNsaWRlc2hvdyI6ImZhZjU4MTIifQ%3D%3D\" href='https:\/\/www.bortonudvar.hu\/wp-content\/uploads\/2024\/08\/1462971180-3775.jpg'><img decoding=\"async\" width=\"960\" height=\"640\" src=\"https:\/\/www.bortonudvar.hu\/wp-content\/uploads\/2024\/08\/1462971180-3775.jpg\" class=\"attachment-full size-full\" alt=\"\" \/><\/a>\n\t\t\t<\/div><\/figure>\n\t\t<\/div>\n\t\t<\/div>\n\t\t\t\t\t\t<\/div>\n\t\t\t\t<\/div>\n\t\t\t\t<\/div>\n\t\t<div class=\"elementor-element elementor-element-a89af83 e-con-full e-flex e-con e-child\" data-id=\"a89af83\" data-element_type=\"container\" data-e-type=\"container\">\n\t\t\t\t<\/div>\n\t\t<div class=\"elementor-element elementor-element-f6eb22e e-con-full e-flex e-con e-child\" data-id=\"f6eb22e\" data-element_type=\"container\" data-e-type=\"container\">\n\t\t\t\t<div class=\"elementor-element elementor-element-97ccffb elementor-widget elementor-widget-heading\" data-id=\"97ccffb\" data-element_type=\"widget\" data-e-type=\"widget\" data-widget_type=\"heading.default\">\n\t\t\t\t<div class=\"elementor-widget-container\">\n\t\t\t\t\t<h2 class=\"elementor-heading-title elementor-size-default\">River Bistro \u00e9s Bowling Club<\/h2>\t\t\t\t<\/div>\n\t\t\t\t<\/div>\n\t\t\t\t<div class=\"elementor-element elementor-element-5cb82d6 elementor-widget elementor-widget-text-editor\" data-id=\"5cb82d6\" data-element_type=\"widget\" data-e-type=\"widget\" data-widget_type=\"text-editor.default\">\n\t\t\t\t<div class=\"elementor-widget-container\">\n\t\t\t\t\t\t\t\t\t<p>A B\u00f6rt\u00f6nudvar pincehelys\u00e9g\u00e9ben tal\u00e1lhat\u00f3 River Bistro \u00e9s Bowling Club szeretettel v\u00e1rja sz\u00f3rakozni, sportolni v\u00e1gy\u00f3 vend\u00e9geit, illetve a gasztron\u00f3mia szerelmeseit.<\/p>\n<p>A helyi specialit\u00e1sok \u00e9s hagyom\u00e1nyos magyar \u00e9telek mellett, k\u00fcl\u00f6nf\u00e9le nemzetek konyh\u00e1j\u00e1nak k\u00edn\u00e1lat\u00e1b\u00f3l is v\u00e1logathat a hozz\u00e1juk bet\u00e9r\u0151 vend\u00e9g\u00fck, legyen sz\u00f3 eb\u00e9dr\u0151l vagy vacsor\u00e1r\u00f3l .&nbsp;<span style=\"color: var( --e-global-color-text ); font-family: var( --e-global-typography-text-font-family ), Sans-serif; font-size: var( --e-global-typography-text-font-size ); font-style: var( --e-global-typography-text-font-style ); font-weight: var( --e-global-typography-text-font-weight ); letter-spacing: var( --e-global-typography-text-letter-spacing ); text-transform: var( --e-global-typography-text-text-transform ); word-spacing: var( --e-global-typography-text-word-spacing ); text-align: var(--text-align); background-color: var( --e-global-color-9042db2 );\">Modern, bistro st\u00edlus\u00fa 80 f\u0151s \u00e9tterm\u00fck, t\u00f6k\u00e9letesen alkalmas csal\u00e1di, c\u00e9ges \u00e9s egy\u00e9b rendezv\u00e9nyek, \u00e1ll\u00f3fogad\u00e1sok, kokt\u00e9lpartik lebonyol\u00edt\u00e1s\u00e1ra. H\u00e9tk\u00f6zben eb\u00e9dmen\u00fcvel v\u00e1rj\u00e1k vend\u00e9gieket, de a&#8217;la carte \u00e9tlapjuk is el\u00e9rhet\u0151 nyitvatart\u00e1si id\u0151ben<\/span><\/p>\t\t\t\t\t\t\t\t<\/div>\n\t\t\t\t<\/div>\n\t\t\t\t<\/div>\n\t\t<div class=\"elementor-element elementor-element-1d3cba8 e-con-full e-flex e-con e-child\" data-id=\"1d3cba8\" data-element_type=\"container\" data-e-type=\"container\">\n\t\t\t\t<\/div>\n\t\t\t\t\t<\/div>\n\t\t\t\t<\/div>\n\t\t\t\t<\/div>\n\t\t","protected":false},"excerpt":{"rendered":"<p>Szolg\u00e1ltat\u00e1sok A B\u00f6rt\u00f6nudvar sz\u00e1mos lehet\u0151s\u00e9get k\u00edn\u00e1l azoknak, akik nem csak sz\u00e1ll\u00e1st keresnek. Sz\u00e1mos ruha\u00fczlet, sz\u00e9p\u00e9szeti szolg\u00e1latat\u00f3, fitness terem \u00e9s \u00e9tterem is megtal\u00e1lhat\u00f3 az udvar egyes szegeleteiben. River Bistro \u00e9s Bowling Club A B\u00f6rt\u00f6nudvar pincehelys\u00e9g\u00e9ben tal\u00e1lhat\u00f3 River Bistro \u00e9s Bowling Club szeretettel v\u00e1rja sz\u00f3rakozni, sportolni v\u00e1gy\u00f3 vend\u00e9geit, illetve a gasztron\u00f3mia szerelmeseit. A helyi specialit\u00e1sok \u00e9s hagyom\u00e1nyos [&hellip;]<\/p>\n","protected":false},"author":2,"featured_media":0,"parent":0,"menu_order":0,"comment_status":"closed","ping_status":"closed","template":"elementor_header_footer","meta":{"_eb_attr":"","footnotes":""},"class_list":["post-865","page","type-page","status-publish","hentry"],"yoast_head":"<!-- This site is optimized with the Yoast SEO plugin v26.9 - https:\/\/yoast.com\/product\/yoast-seo-wordpress\/ -->\n<title>Szolg\u00e1ltat\u00e1sok - River Apartmanh\u00e1z ***<\/title>\n<meta name=\"robots\" content=\"index, follow, max-snippet:-1, max-image-preview:large, max-video-preview:-1\" \/>\n<link rel=\"canonical\" href=\"https:\/\/www.bortonudvar.hu\/index.php\/szolgaltatasok\/\" \/>\n<meta property=\"og:locale\" content=\"hu_HU\" \/>\n<meta property=\"og:type\" content=\"article\" \/>\n<meta property=\"og:title\" content=\"Szolg\u00e1ltat\u00e1sok - River Apartmanh\u00e1z ***\" \/>\n<meta property=\"og:description\" content=\"Szolg\u00e1ltat\u00e1sok A B\u00f6rt\u00f6nudvar sz\u00e1mos lehet\u0151s\u00e9get k\u00edn\u00e1l azoknak, akik nem csak sz\u00e1ll\u00e1st keresnek. Sz\u00e1mos ruha\u00fczlet, sz\u00e9p\u00e9szeti szolg\u00e1latat\u00f3, fitness terem \u00e9s \u00e9tterem is megtal\u00e1lhat\u00f3 az udvar egyes szegeleteiben. River Bistro \u00e9s Bowling Club A B\u00f6rt\u00f6nudvar pincehelys\u00e9g\u00e9ben tal\u00e1lhat\u00f3 River Bistro \u00e9s Bowling Club szeretettel v\u00e1rja sz\u00f3rakozni, sportolni v\u00e1gy\u00f3 vend\u00e9geit, illetve a gasztron\u00f3mia szerelmeseit. A helyi specialit\u00e1sok \u00e9s hagyom\u00e1nyos [&hellip;]\" \/>\n<meta property=\"og:url\" content=\"https:\/\/www.bortonudvar.hu\/index.php\/szolgaltatasok\/\" \/>\n<meta property=\"og:site_name\" content=\"River Apartmanh\u00e1z ***\" \/>\n<meta property=\"article:publisher\" content=\"https:\/\/www.facebook.com\/riverapartman\" \/>\n<meta property=\"article:modified_time\" content=\"2025-07-21T09:24:06+00:00\" \/>\n<meta property=\"og:image\" content=\"http:\/\/www.bortonudvar.hu\/wp-content\/uploads\/2024\/08\/02.jpg\" \/>\n<meta name=\"twitter:card\" content=\"summary_large_image\" \/>\n<meta name=\"twitter:label1\" content=\"Becs\u00fclt olvas\u00e1si id\u0151\" \/>\n\t<meta name=\"twitter:data1\" content=\"1 perc\" \/>\n<script type=\"application\/ld+json\" class=\"yoast-schema-graph\">{\"@context\":\"https:\/\/schema.org\",\"@graph\":[{\"@type\":\"WebPage\",\"@id\":\"https:\/\/www.bortonudvar.hu\/index.php\/szolgaltatasok\/\",\"url\":\"https:\/\/www.bortonudvar.hu\/index.php\/szolgaltatasok\/\",\"name\":\"Szolg\u00e1ltat\u00e1sok - River Apartmanh\u00e1z ***\",\"isPartOf\":{\"@id\":\"https:\/\/www.bortonudvar.hu\/#website\"},\"primaryImageOfPage\":{\"@id\":\"https:\/\/www.bortonudvar.hu\/index.php\/szolgaltatasok\/#primaryimage\"},\"image\":{\"@id\":\"https:\/\/www.bortonudvar.hu\/index.php\/szolgaltatasok\/#primaryimage\"},\"thumbnailUrl\":\"http:\/\/www.bortonudvar.hu\/wp-content\/uploads\/2024\/08\/02.jpg\",\"datePublished\":\"2024-08-05T13:48:25+00:00\",\"dateModified\":\"2025-07-21T09:24:06+00:00\",\"breadcrumb\":{\"@id\":\"https:\/\/www.bortonudvar.hu\/index.php\/szolgaltatasok\/#breadcrumb\"},\"inLanguage\":\"hu\",\"potentialAction\":[{\"@type\":\"ReadAction\",\"target\":[\"https:\/\/www.bortonudvar.hu\/index.php\/szolgaltatasok\/\"]}]},{\"@type\":\"ImageObject\",\"inLanguage\":\"hu\",\"@id\":\"https:\/\/www.bortonudvar.hu\/index.php\/szolgaltatasok\/#primaryimage\",\"url\":\"http:\/\/www.bortonudvar.hu\/wp-content\/uploads\/2024\/08\/02.jpg\",\"contentUrl\":\"http:\/\/www.bortonudvar.hu\/wp-content\/uploads\/2024\/08\/02.jpg\"},{\"@type\":\"BreadcrumbList\",\"@id\":\"https:\/\/www.bortonudvar.hu\/index.php\/szolgaltatasok\/#breadcrumb\",\"itemListElement\":[{\"@type\":\"ListItem\",\"position\":1,\"name\":\"Home\",\"item\":\"https:\/\/www.bortonudvar.hu\/\"},{\"@type\":\"ListItem\",\"position\":2,\"name\":\"Szolg\u00e1ltat\u00e1sok\"}]},{\"@type\":\"WebSite\",\"@id\":\"https:\/\/www.bortonudvar.hu\/#website\",\"url\":\"https:\/\/www.bortonudvar.hu\/\",\"name\":\"River Apartmanh\u00e1z ***\",\"description\":\"\",\"publisher\":{\"@id\":\"https:\/\/www.bortonudvar.hu\/#organization\"},\"potentialAction\":[{\"@type\":\"SearchAction\",\"target\":{\"@type\":\"EntryPoint\",\"urlTemplate\":\"https:\/\/www.bortonudvar.hu\/?s={search_term_string}\"},\"query-input\":{\"@type\":\"PropertyValueSpecification\",\"valueRequired\":true,\"valueName\":\"search_term_string\"}}],\"inLanguage\":\"hu\"},{\"@type\":\"Organization\",\"@id\":\"https:\/\/www.bortonudvar.hu\/#organization\",\"name\":\"River Apartmanh\u00e1z ***\",\"url\":\"https:\/\/www.bortonudvar.hu\/\",\"logo\":{\"@type\":\"ImageObject\",\"inLanguage\":\"hu\",\"@id\":\"https:\/\/www.bortonudvar.hu\/#\/schema\/logo\/image\/\",\"url\":\"https:\/\/www.bortonudvar.hu\/wp-content\/uploads\/2024\/05\/cropped-river-apartman-01.png\",\"contentUrl\":\"https:\/\/www.bortonudvar.hu\/wp-content\/uploads\/2024\/05\/cropped-river-apartman-01.png\",\"width\":512,\"height\":512,\"caption\":\"River Apartmanh\u00e1z ***\"},\"image\":{\"@id\":\"https:\/\/www.bortonudvar.hu\/#\/schema\/logo\/image\/\"},\"sameAs\":[\"https:\/\/www.facebook.com\/riverapartman\"]}]}<\/script>\n<!-- \/ Yoast SEO plugin. -->","yoast_head_json":{"title":"Szolg\u00e1ltat\u00e1sok - River Apartmanh\u00e1z ***","robots":{"index":"index","follow":"follow","max-snippet":"max-snippet:-1","max-image-preview":"max-image-preview:large","max-video-preview":"max-video-preview:-1"},"canonical":"https:\/\/www.bortonudvar.hu\/index.php\/szolgaltatasok\/","og_locale":"hu_HU","og_type":"article","og_title":"Szolg\u00e1ltat\u00e1sok - River Apartmanh\u00e1z ***","og_description":"Szolg\u00e1ltat\u00e1sok A B\u00f6rt\u00f6nudvar sz\u00e1mos lehet\u0151s\u00e9get k\u00edn\u00e1l azoknak, akik nem csak sz\u00e1ll\u00e1st keresnek. Sz\u00e1mos ruha\u00fczlet, sz\u00e9p\u00e9szeti szolg\u00e1latat\u00f3, fitness terem \u00e9s \u00e9tterem is megtal\u00e1lhat\u00f3 az udvar egyes szegeleteiben. River Bistro \u00e9s Bowling Club A B\u00f6rt\u00f6nudvar pincehelys\u00e9g\u00e9ben tal\u00e1lhat\u00f3 River Bistro \u00e9s Bowling Club szeretettel v\u00e1rja sz\u00f3rakozni, sportolni v\u00e1gy\u00f3 vend\u00e9geit, illetve a gasztron\u00f3mia szerelmeseit. A helyi specialit\u00e1sok \u00e9s hagyom\u00e1nyos [&hellip;]","og_url":"https:\/\/www.bortonudvar.hu\/index.php\/szolgaltatasok\/","og_site_name":"River Apartmanh\u00e1z ***","article_publisher":"https:\/\/www.facebook.com\/riverapartman","article_modified_time":"2025-07-21T09:24:06+00:00","og_image":[{"url":"http:\/\/www.bortonudvar.hu\/wp-content\/uploads\/2024\/08\/02.jpg","type":"","width":"","height":""}],"twitter_card":"summary_large_image","twitter_misc":{"Becs\u00fclt olvas\u00e1si id\u0151":"1 perc"},"schema":{"@context":"https:\/\/schema.org","@graph":[{"@type":"WebPage","@id":"https:\/\/www.bortonudvar.hu\/index.php\/szolgaltatasok\/","url":"https:\/\/www.bortonudvar.hu\/index.php\/szolgaltatasok\/","name":"Szolg\u00e1ltat\u00e1sok - River Apartmanh\u00e1z ***","isPartOf":{"@id":"https:\/\/www.bortonudvar.hu\/#website"},"primaryImageOfPage":{"@id":"https:\/\/www.bortonudvar.hu\/index.php\/szolgaltatasok\/#primaryimage"},"image":{"@id":"https:\/\/www.bortonudvar.hu\/index.php\/szolgaltatasok\/#primaryimage"},"thumbnailUrl":"http:\/\/www.bortonudvar.hu\/wp-content\/uploads\/2024\/08\/02.jpg","datePublished":"2024-08-05T13:48:25+00:00","dateModified":"2025-07-21T09:24:06+00:00","breadcrumb":{"@id":"https:\/\/www.bortonudvar.hu\/index.php\/szolgaltatasok\/#breadcrumb"},"inLanguage":"hu","potentialAction":[{"@type":"ReadAction","target":["https:\/\/www.bortonudvar.hu\/index.php\/szolgaltatasok\/"]}]},{"@type":"ImageObject","inLanguage":"hu","@id":"https:\/\/www.bortonudvar.hu\/index.php\/szolgaltatasok\/#primaryimage","url":"http:\/\/www.bortonudvar.hu\/wp-content\/uploads\/2024\/08\/02.jpg","contentUrl":"http:\/\/www.bortonudvar.hu\/wp-content\/uploads\/2024\/08\/02.jpg"},{"@type":"BreadcrumbList","@id":"https:\/\/www.bortonudvar.hu\/index.php\/szolgaltatasok\/#breadcrumb","itemListElement":[{"@type":"ListItem","position":1,"name":"Home","item":"https:\/\/www.bortonudvar.hu\/"},{"@type":"ListItem","position":2,"name":"Szolg\u00e1ltat\u00e1sok"}]},{"@type":"WebSite","@id":"https:\/\/www.bortonudvar.hu\/#website","url":"https:\/\/www.bortonudvar.hu\/","name":"River Apartmanh\u00e1z ***","description":"","publisher":{"@id":"https:\/\/www.bortonudvar.hu\/#organization"},"potentialAction":[{"@type":"SearchAction","target":{"@type":"EntryPoint","urlTemplate":"https:\/\/www.bortonudvar.hu\/?s={search_term_string}"},"query-input":{"@type":"PropertyValueSpecification","valueRequired":true,"valueName":"search_term_string"}}],"inLanguage":"hu"},{"@type":"Organization","@id":"https:\/\/www.bortonudvar.hu\/#organization","name":"River Apartmanh\u00e1z ***","url":"https:\/\/www.bortonudvar.hu\/","logo":{"@type":"ImageObject","inLanguage":"hu","@id":"https:\/\/www.bortonudvar.hu\/#\/schema\/logo\/image\/","url":"https:\/\/www.bortonudvar.hu\/wp-content\/uploads\/2024\/05\/cropped-river-apartman-01.png","contentUrl":"https:\/\/www.bortonudvar.hu\/wp-content\/uploads\/2024\/05\/cropped-river-apartman-01.png","width":512,"height":512,"caption":"River Apartmanh\u00e1z ***"},"image":{"@id":"https:\/\/www.bortonudvar.hu\/#\/schema\/logo\/image\/"},"sameAs":["https:\/\/www.facebook.com\/riverapartman"]}]}},"_links":{"self":[{"href":"https:\/\/www.bortonudvar.hu\/index.php\/wp-json\/wp\/v2\/pages\/865","targetHints":{"allow":["GET"]}}],"collection":[{"href":"https:\/\/www.bortonudvar.hu\/index.php\/wp-json\/wp\/v2\/pages"}],"about":[{"href":"https:\/\/www.bortonudvar.hu\/index.php\/wp-json\/wp\/v2\/types\/page"}],"author":[{"embeddable":true,"href":"https:\/\/www.bortonudvar.hu\/index.php\/wp-json\/wp\/v2\/users\/2"}],"replies":[{"embeddable":true,"href":"https:\/\/www.bortonudvar.hu\/index.php\/wp-json\/wp\/v2\/comments?post=865"}],"version-history":[{"count":16,"href":"https:\/\/www.bortonudvar.hu\/index.php\/wp-json\/wp\/v2\/pages\/865\/revisions"}],"predecessor-version":[{"id":1052,"href":"https:\/\/www.bortonudvar.hu\/index.php\/wp-json\/wp\/v2\/pages\/865\/revisions\/1052"}],"wp:attachment":[{"href":"https:\/\/www.bortonudvar.hu\/index.php\/wp-json\/wp\/v2\/media?parent=865"}],"curies":[{"name":"wp","href":"https:\/\/api.w.org\/{rel}","templated":true}]}}