{"id":43,"date":"2024-05-09T08:12:07","date_gmt":"2024-05-09T06:12:07","guid":{"rendered":"http:\/\/t2.szatmari.hu\/index.php\/workshops\/"},"modified":"2025-07-21T10:48:43","modified_gmt":"2025-07-21T08:48:43","slug":"szobak","status":"publish","type":"page","link":"https:\/\/www.bortonudvar.hu\/index.php\/szobak\/","title":{"rendered":"Szob\u00e1k"},"content":{"rendered":"\t\t<div data-elementor-type=\"wp-page\" data-elementor-id=\"43\" class=\"elementor elementor-43\">\n\t\t\t\t<div class=\"elementor-element elementor-element-62bb3a3d e-con-full e-flex e-con e-parent\" data-id=\"62bb3a3d\" data-element_type=\"container\" data-e-type=\"container\">\n\t\t<div class=\"elementor-element elementor-element-619d4380 e-con-full e-flex e-con e-child\" data-id=\"619d4380\" data-element_type=\"container\" data-e-type=\"container\">\n\t\t<div class=\"elementor-element elementor-element-46bcac61 e-con-full e-flex e-con e-child\" data-id=\"46bcac61\" data-element_type=\"container\" data-e-type=\"container\">\n\t\t\t\t<div class=\"elementor-element elementor-element-7d9f75be elementor-widget__width-initial elementor-widget elementor-widget-heading\" data-id=\"7d9f75be\" data-element_type=\"widget\" data-e-type=\"widget\" data-widget_type=\"heading.default\">\n\t\t\t\t<div class=\"elementor-widget-container\">\n\t\t\t\t\t<h1 class=\"elementor-heading-title elementor-size-default\">Fedezd fel szob\u00e1inkat!<\/h1>\t\t\t\t<\/div>\n\t\t\t\t<\/div>\n\t\t\t\t<div class=\"elementor-element elementor-element-5f7be21c elementor-widget__width-initial elementor-invisible elementor-widget elementor-widget-text-editor\" data-id=\"5f7be21c\" data-element_type=\"widget\" data-e-type=\"widget\" data-settings=\"{&quot;_animation&quot;:&quot;fadeInDown&quot;}\" data-widget_type=\"text-editor.default\">\n\t\t\t\t<div class=\"elementor-widget-container\">\n\t\t\t\t\t\t\t\t\t<p>Az apartmanban k\u00e9t szinten tal\u00e1lhat\u00f3k k\u00e9t-, h\u00e1rom- vagy n\u00e9gy\u00e1gyas szob\u00e1k. Az als\u00f3 szinten standard szob\u00e1ink, m\u00edg a fels\u0151 szinten 2024-ben fel\u00faj\u00edtott deluxe szob\u00e1ink \u00e1llnak rendelkez\u00e9sedre.<\/p><p>Az apartmanban k\u00f6z\u00f6s g\u00e9pes\u00edtett konyha \u00e9s mos\u00f3g\u00e9p is tal\u00e1lhat\u00f3.<\/p>\t\t\t\t\t\t\t\t<\/div>\n\t\t\t\t<\/div>\n\t\t\t\t<\/div>\n\t\t\t\t<div class=\"elementor-element elementor-element-1d87446a elementor-invisible elementor-widget elementor-widget-heading\" data-id=\"1d87446a\" data-element_type=\"widget\" data-e-type=\"widget\" data-settings=\"{&quot;_animation&quot;:&quot;fadeInUp&quot;}\" data-widget_type=\"heading.default\">\n\t\t\t\t<div class=\"elementor-widget-container\">\n\t\t\t\t\t<span class=\"elementor-heading-title elementor-size-default\">szob\u00e1ink<\/span>\t\t\t\t<\/div>\n\t\t\t\t<\/div>\n\t\t\t\t<\/div>\n\t\t<div class=\"elementor-element elementor-element-30e36ee7 e-con-full e-flex e-con e-child\" data-id=\"30e36ee7\" data-element_type=\"container\" data-e-type=\"container\" data-settings=\"{&quot;background_background&quot;:&quot;classic&quot;}\">\n\t\t\t\t<\/div>\n\t\t\t\t<\/div>\n\t\t<div class=\"elementor-element elementor-element-29827128 e-con-full e-flex e-con e-parent\" data-id=\"29827128\" data-element_type=\"container\" data-e-type=\"container\" id=\"Workshop_Learn_The_Basics\">\n\t\t<div class=\"elementor-element elementor-element-203f22de e-con-full e-flex e-con e-child\" data-id=\"203f22de\" data-element_type=\"container\" data-e-type=\"container\" data-settings=\"{&quot;background_background&quot;:&quot;classic&quot;}\">\n\t\t\t\t<\/div>\n\t\t<div class=\"elementor-element elementor-element-921b405 e-con-full e-flex e-con e-child\" data-id=\"921b405\" data-element_type=\"container\" data-e-type=\"container\">\n\t\t\t\t<div class=\"elementor-element elementor-element-4f36d4 elementor-widget elementor-widget-heading\" data-id=\"4f36d4\" data-element_type=\"widget\" data-e-type=\"widget\" data-widget_type=\"heading.default\">\n\t\t\t\t<div class=\"elementor-widget-container\">\n\t\t\t\t\t<h2 class=\"elementor-heading-title elementor-size-default\">Standard szob\u00e1k<\/h2>\t\t\t\t<\/div>\n\t\t\t\t<\/div>\n\t\t\t\t<div class=\"elementor-element elementor-element-6a4cb5f elementor-icon-list--layout-inline elementor-list-item-link-full_width elementor-invisible elementor-widget elementor-widget-icon-list\" data-id=\"6a4cb5f\" data-element_type=\"widget\" data-e-type=\"widget\" data-settings=\"{&quot;_animation&quot;:&quot;fadeInUp&quot;}\" data-widget_type=\"icon-list.default\">\n\t\t\t\t<div class=\"elementor-widget-container\">\n\t\t\t\t\t\t\t<ul class=\"elementor-icon-list-items elementor-inline-items\">\n\t\t\t\t\t\t\t<li class=\"elementor-icon-list-item elementor-inline-item\">\n\t\t\t\t\t\t\t\t\t\t\t<span class=\"elementor-icon-list-icon\">\n\t\t\t\t\t\t\t<svg aria-hidden=\"true\" class=\"e-font-icon-svg e-fas-bed\" viewBox=\"0 0 640 512\" xmlns=\"http:\/\/www.w3.org\/2000\/svg\"><path d=\"M176 256c44.11 0 80-35.89 80-80s-35.89-80-80-80-80 35.89-80 80 35.89 80 80 80zm352-128H304c-8.84 0-16 7.16-16 16v144H64V80c0-8.84-7.16-16-16-16H16C7.16 64 0 71.16 0 80v352c0 8.84 7.16 16 16 16h32c8.84 0 16-7.16 16-16v-48h512v48c0 8.84 7.16 16 16 16h32c8.84 0 16-7.16 16-16V240c0-61.86-50.14-112-112-112z\"><\/path><\/svg>\t\t\t\t\t\t<\/span>\n\t\t\t\t\t\t\t\t\t\t<span class=\"elementor-icon-list-text\">6 szoba<\/span>\n\t\t\t\t\t\t\t\t\t<\/li>\n\t\t\t\t\t\t\t\t<li class=\"elementor-icon-list-item elementor-inline-item\">\n\t\t\t\t\t\t\t\t\t\t\t<span class=\"elementor-icon-list-icon\">\n\t\t\t\t\t\t\t<svg aria-hidden=\"true\" class=\"e-font-icon-svg e-fas-people-arrows\" viewBox=\"0 0 576 512\" xmlns=\"http:\/\/www.w3.org\/2000\/svg\"><path d=\"M96,128A64,64,0,1,0,32,64,64,64,0,0,0,96,128Zm0,176.08a44.11,44.11,0,0,1,13.64-32L181.77,204c1.65-1.55,3.77-2.31,5.61-3.57A63.91,63.91,0,0,0,128,160H64A64,64,0,0,0,0,224v96a32,32,0,0,0,32,32V480a32,32,0,0,0,32,32h64a32,32,0,0,0,32-32V383.61l-50.36-47.53A44.08,44.08,0,0,1,96,304.08ZM480,128a64,64,0,1,0-64-64A64,64,0,0,0,480,128Zm32,32H448a63.91,63.91,0,0,0-59.38,40.42c1.84,1.27,4,2,5.62,3.59l72.12,68.06a44.37,44.37,0,0,1,0,64L416,383.62V480a32,32,0,0,0,32,32h64a32,32,0,0,0,32-32V352a32,32,0,0,0,32-32V224A64,64,0,0,0,512,160ZM444.4,295.34l-72.12-68.06A12,12,0,0,0,352,236v36H224V236a12,12,0,0,0-20.28-8.73L131.6,295.34a12.4,12.4,0,0,0,0,17.47l72.12,68.07A12,12,0,0,0,224,372.14V336H352v36.14a12,12,0,0,0,20.28,8.74l72.12-68.07A12.4,12.4,0,0,0,444.4,295.34Z\"><\/path><\/svg>\t\t\t\t\t\t<\/span>\n\t\t\t\t\t\t\t\t\t\t<span class=\"elementor-icon-list-text\">Max 4 f\u0151 sz\u00e1m\u00e1ra<\/span>\n\t\t\t\t\t\t\t\t\t<\/li>\n\t\t\t\t\t\t\t\t<li class=\"elementor-icon-list-item elementor-inline-item\">\n\t\t\t\t\t\t\t\t\t\t\t<span class=\"elementor-icon-list-icon\">\n\t\t\t\t\t\t\t<svg aria-hidden=\"true\" class=\"e-font-icon-svg e-fas-money-bill-alt\" viewBox=\"0 0 640 512\" xmlns=\"http:\/\/www.w3.org\/2000\/svg\"><path d=\"M352 288h-16v-88c0-4.42-3.58-8-8-8h-13.58c-4.74 0-9.37 1.4-13.31 4.03l-15.33 10.22a7.994 7.994 0 0 0-2.22 11.09l8.88 13.31a7.994 7.994 0 0 0 11.09 2.22l.47-.31V288h-16c-4.42 0-8 3.58-8 8v16c0 4.42 3.58 8 8 8h64c4.42 0 8-3.58 8-8v-16c0-4.42-3.58-8-8-8zM608 64H32C14.33 64 0 78.33 0 96v320c0 17.67 14.33 32 32 32h576c17.67 0 32-14.33 32-32V96c0-17.67-14.33-32-32-32zM48 400v-64c35.35 0 64 28.65 64 64H48zm0-224v-64h64c0 35.35-28.65 64-64 64zm272 192c-53.02 0-96-50.15-96-112 0-61.86 42.98-112 96-112s96 50.14 96 112c0 61.87-43 112-96 112zm272 32h-64c0-35.35 28.65-64 64-64v64zm0-224c-35.35 0-64-28.65-64-64h64v64z\"><\/path><\/svg>\t\t\t\t\t\t<\/span>\n\t\t\t\t\t\t\t\t\t\t<span class=\"elementor-icon-list-text\">15.000 Ft-t\u00f3l<\/span>\n\t\t\t\t\t\t\t\t\t<\/li>\n\t\t\t\t\t\t<\/ul>\n\t\t\t\t\t\t<\/div>\n\t\t\t\t<\/div>\n\t\t\t\t<div class=\"elementor-element elementor-element-281a9e3d elementor-widget elementor-widget-text-editor\" data-id=\"281a9e3d\" data-element_type=\"widget\" data-e-type=\"widget\" data-widget_type=\"text-editor.default\">\n\t\t\t\t<div class=\"elementor-widget-container\">\n\t\t\t\t\t\t\t\t\t<p>Minden standard szoba nemdoh\u00e1nyz\u00f3 \u00e9s kis\u00e1llatbar\u00e1t, \u00edgy b\u00e1tran hozhatod kiskedvenced.\u00a0<\/p>\t\t\t\t\t\t\t\t<\/div>\n\t\t\t\t<\/div>\n\t\t\t\t<div class=\"elementor-element elementor-element-356753f0 elementor-invisible elementor-widget elementor-widget-button\" data-id=\"356753f0\" data-element_type=\"widget\" data-e-type=\"widget\" data-settings=\"{&quot;_animation&quot;:&quot;fadeInDown&quot;}\" data-widget_type=\"button.default\">\n\t\t\t\t<div class=\"elementor-widget-container\">\n\t\t\t\t\t\t\t\t\t<div class=\"elementor-button-wrapper\">\n\t\t\t\t\t<a class=\"elementor-button elementor-button-link elementor-size-sm\" href=\"https:\/\/www.bortonudvar.hu\/index.php\/szobak\/standard-szobak\/\">\n\t\t\t\t\t\t<span class=\"elementor-button-content-wrapper\">\n\t\t\t\t\t\t\t\t\t<span class=\"elementor-button-text\">Tov\u00e1bb<\/span>\n\t\t\t\t\t<\/span>\n\t\t\t\t\t<\/a>\n\t\t\t\t<\/div>\n\t\t\t\t\t\t\t\t<\/div>\n\t\t\t\t<\/div>\n\t\t\t\t<\/div>\n\t\t\t\t<\/div>\n\t\t<div class=\"elementor-element elementor-element-18a85702 e-con-full e-flex e-con e-parent\" data-id=\"18a85702\" data-element_type=\"container\" data-e-type=\"container\" id=\"Workshop_Master_The_Basics\">\n\t\t<div class=\"elementor-element elementor-element-5b5b71a7 e-con-full e-flex e-con e-child\" data-id=\"5b5b71a7\" data-element_type=\"container\" data-e-type=\"container\" data-settings=\"{&quot;background_background&quot;:&quot;classic&quot;}\">\n\t\t\t\t<\/div>\n\t\t<div class=\"elementor-element elementor-element-70a8063c e-con-full e-flex e-con e-child\" data-id=\"70a8063c\" data-element_type=\"container\" data-e-type=\"container\">\n\t\t\t\t<div class=\"elementor-element elementor-element-70107f3e elementor-widget elementor-widget-heading\" data-id=\"70107f3e\" data-element_type=\"widget\" data-e-type=\"widget\" data-widget_type=\"heading.default\">\n\t\t\t\t<div class=\"elementor-widget-container\">\n\t\t\t\t\t<h2 class=\"elementor-heading-title elementor-size-default\">Deluxe szob\u00e1k<\/h2>\t\t\t\t<\/div>\n\t\t\t\t<\/div>\n\t\t\t\t<div class=\"elementor-element elementor-element-6521d4e elementor-icon-list--layout-inline elementor-list-item-link-full_width elementor-invisible elementor-widget elementor-widget-icon-list\" data-id=\"6521d4e\" data-element_type=\"widget\" data-e-type=\"widget\" data-settings=\"{&quot;_animation&quot;:&quot;fadeInUp&quot;}\" data-widget_type=\"icon-list.default\">\n\t\t\t\t<div class=\"elementor-widget-container\">\n\t\t\t\t\t\t\t<ul class=\"elementor-icon-list-items elementor-inline-items\">\n\t\t\t\t\t\t\t<li class=\"elementor-icon-list-item elementor-inline-item\">\n\t\t\t\t\t\t\t\t\t\t\t<span class=\"elementor-icon-list-icon\">\n\t\t\t\t\t\t\t<svg aria-hidden=\"true\" class=\"e-font-icon-svg e-fas-bed\" viewBox=\"0 0 640 512\" xmlns=\"http:\/\/www.w3.org\/2000\/svg\"><path d=\"M176 256c44.11 0 80-35.89 80-80s-35.89-80-80-80-80 35.89-80 80 35.89 80 80 80zm352-128H304c-8.84 0-16 7.16-16 16v144H64V80c0-8.84-7.16-16-16-16H16C7.16 64 0 71.16 0 80v352c0 8.84 7.16 16 16 16h32c8.84 0 16-7.16 16-16v-48h512v48c0 8.84 7.16 16 16 16h32c8.84 0 16-7.16 16-16V240c0-61.86-50.14-112-112-112z\"><\/path><\/svg>\t\t\t\t\t\t<\/span>\n\t\t\t\t\t\t\t\t\t\t<span class=\"elementor-icon-list-text\">14 szoba<\/span>\n\t\t\t\t\t\t\t\t\t<\/li>\n\t\t\t\t\t\t\t\t<li class=\"elementor-icon-list-item elementor-inline-item\">\n\t\t\t\t\t\t\t\t\t\t\t<span class=\"elementor-icon-list-icon\">\n\t\t\t\t\t\t\t<svg aria-hidden=\"true\" class=\"e-font-icon-svg e-fas-people-arrows\" viewBox=\"0 0 576 512\" xmlns=\"http:\/\/www.w3.org\/2000\/svg\"><path d=\"M96,128A64,64,0,1,0,32,64,64,64,0,0,0,96,128Zm0,176.08a44.11,44.11,0,0,1,13.64-32L181.77,204c1.65-1.55,3.77-2.31,5.61-3.57A63.91,63.91,0,0,0,128,160H64A64,64,0,0,0,0,224v96a32,32,0,0,0,32,32V480a32,32,0,0,0,32,32h64a32,32,0,0,0,32-32V383.61l-50.36-47.53A44.08,44.08,0,0,1,96,304.08ZM480,128a64,64,0,1,0-64-64A64,64,0,0,0,480,128Zm32,32H448a63.91,63.91,0,0,0-59.38,40.42c1.84,1.27,4,2,5.62,3.59l72.12,68.06a44.37,44.37,0,0,1,0,64L416,383.62V480a32,32,0,0,0,32,32h64a32,32,0,0,0,32-32V352a32,32,0,0,0,32-32V224A64,64,0,0,0,512,160ZM444.4,295.34l-72.12-68.06A12,12,0,0,0,352,236v36H224V236a12,12,0,0,0-20.28-8.73L131.6,295.34a12.4,12.4,0,0,0,0,17.47l72.12,68.07A12,12,0,0,0,224,372.14V336H352v36.14a12,12,0,0,0,20.28,8.74l72.12-68.07A12.4,12.4,0,0,0,444.4,295.34Z\"><\/path><\/svg>\t\t\t\t\t\t<\/span>\n\t\t\t\t\t\t\t\t\t\t<span class=\"elementor-icon-list-text\">Max 4 f\u0151 sz\u00e1m\u00e1ra<\/span>\n\t\t\t\t\t\t\t\t\t<\/li>\n\t\t\t\t\t\t\t\t<li class=\"elementor-icon-list-item elementor-inline-item\">\n\t\t\t\t\t\t\t\t\t\t\t<span class=\"elementor-icon-list-icon\">\n\t\t\t\t\t\t\t<svg aria-hidden=\"true\" class=\"e-font-icon-svg e-fas-money-bill-alt\" viewBox=\"0 0 640 512\" xmlns=\"http:\/\/www.w3.org\/2000\/svg\"><path d=\"M352 288h-16v-88c0-4.42-3.58-8-8-8h-13.58c-4.74 0-9.37 1.4-13.31 4.03l-15.33 10.22a7.994 7.994 0 0 0-2.22 11.09l8.88 13.31a7.994 7.994 0 0 0 11.09 2.22l.47-.31V288h-16c-4.42 0-8 3.58-8 8v16c0 4.42 3.58 8 8 8h64c4.42 0 8-3.58 8-8v-16c0-4.42-3.58-8-8-8zM608 64H32C14.33 64 0 78.33 0 96v320c0 17.67 14.33 32 32 32h576c17.67 0 32-14.33 32-32V96c0-17.67-14.33-32-32-32zM48 400v-64c35.35 0 64 28.65 64 64H48zm0-224v-64h64c0 35.35-28.65 64-64 64zm272 192c-53.02 0-96-50.15-96-112 0-61.86 42.98-112 96-112s96 50.14 96 112c0 61.87-43 112-96 112zm272 32h-64c0-35.35 28.65-64 64-64v64zm0-224c-35.35 0-64-28.65-64-64h64v64z\"><\/path><\/svg>\t\t\t\t\t\t<\/span>\n\t\t\t\t\t\t\t\t\t\t<span class=\"elementor-icon-list-text\">20.000 Ft-t\u00f3l<\/span>\n\t\t\t\t\t\t\t\t\t<\/li>\n\t\t\t\t\t\t<\/ul>\n\t\t\t\t\t\t<\/div>\n\t\t\t\t<\/div>\n\t\t\t\t<div class=\"elementor-element elementor-element-12157182 elementor-widget elementor-widget-text-editor\" data-id=\"12157182\" data-element_type=\"widget\" data-e-type=\"widget\" data-widget_type=\"text-editor.default\">\n\t\t\t\t<div class=\"elementor-widget-container\">\n\t\t\t\t\t\t\t\t\t<p>Magas min\u0151s\u00e9g\u0171 anyaghaszn\u00e1lat \u00e9s modern berendez\u00e9s jellemzi emeleti \u00e9s f\u00f6ldszinti szob\u00e1inkat, melyek 2024\/25-ben k\u00e9sz\u00fcltek el.<\/p>\t\t\t\t\t\t\t\t<\/div>\n\t\t\t\t<\/div>\n\t\t\t\t<div class=\"elementor-element elementor-element-2def96c8 elementor-invisible elementor-widget elementor-widget-button\" data-id=\"2def96c8\" data-element_type=\"widget\" data-e-type=\"widget\" data-settings=\"{&quot;_animation&quot;:&quot;fadeInDown&quot;}\" data-widget_type=\"button.default\">\n\t\t\t\t<div class=\"elementor-widget-container\">\n\t\t\t\t\t\t\t\t\t<div class=\"elementor-button-wrapper\">\n\t\t\t\t\t<a class=\"elementor-button elementor-button-link elementor-size-sm\" href=\"https:\/\/www.bortonudvar.hu\/index.php\/szobak\/deluxe-szobak\/\">\n\t\t\t\t\t\t<span class=\"elementor-button-content-wrapper\">\n\t\t\t\t\t\t\t\t\t<span class=\"elementor-button-text\">Tov\u00e1bb<\/span>\n\t\t\t\t\t<\/span>\n\t\t\t\t\t<\/a>\n\t\t\t\t<\/div>\n\t\t\t\t\t\t\t\t<\/div>\n\t\t\t\t<\/div>\n\t\t\t\t<\/div>\n\t\t\t\t<\/div>\n\t\t\t\t<\/div>\n\t\t","protected":false},"excerpt":{"rendered":"<p>Fedezd fel szob\u00e1inkat! Az apartmanban k\u00e9t szinten tal\u00e1lhat\u00f3k k\u00e9t-, h\u00e1rom- vagy n\u00e9gy\u00e1gyas szob\u00e1k. Az als\u00f3 szinten standard szob\u00e1ink, m\u00edg a fels\u0151 szinten 2024-ben fel\u00faj\u00edtott deluxe szob\u00e1ink \u00e1llnak rendelkez\u00e9sedre. Az apartmanban k\u00f6z\u00f6s g\u00e9pes\u00edtett konyha \u00e9s mos\u00f3g\u00e9p is tal\u00e1lhat\u00f3. szob\u00e1ink Standard szob\u00e1k 6 szoba Max 4 f\u0151 sz\u00e1m\u00e1ra 15.000 Ft-t\u00f3l Minden standard szoba nemdoh\u00e1nyz\u00f3 \u00e9s kis\u00e1llatbar\u00e1t, \u00edgy [&hellip;]<\/p>\n","protected":false},"author":2,"featured_media":0,"parent":0,"menu_order":0,"comment_status":"closed","ping_status":"closed","template":"elementor_header_footer","meta":{"_eb_attr":"","footnotes":""},"class_list":["post-43","page","type-page","status-publish","hentry"],"yoast_head":"<!-- This site is optimized with the Yoast SEO plugin v26.9 - https:\/\/yoast.com\/product\/yoast-seo-wordpress\/ -->\n<title>Szob\u00e1k - River Apartmanh\u00e1z ***<\/title>\n<meta name=\"robots\" content=\"index, follow, max-snippet:-1, max-image-preview:large, max-video-preview:-1\" \/>\n<link rel=\"canonical\" href=\"https:\/\/www.bortonudvar.hu\/index.php\/szobak\/\" \/>\n<meta property=\"og:locale\" content=\"hu_HU\" \/>\n<meta property=\"og:type\" content=\"article\" \/>\n<meta property=\"og:title\" content=\"Szob\u00e1k - River Apartmanh\u00e1z ***\" \/>\n<meta property=\"og:description\" content=\"Fedezd fel szob\u00e1inkat! Az apartmanban k\u00e9t szinten tal\u00e1lhat\u00f3k k\u00e9t-, h\u00e1rom- vagy n\u00e9gy\u00e1gyas szob\u00e1k. Az als\u00f3 szinten standard szob\u00e1ink, m\u00edg a fels\u0151 szinten 2024-ben fel\u00faj\u00edtott deluxe szob\u00e1ink \u00e1llnak rendelkez\u00e9sedre. Az apartmanban k\u00f6z\u00f6s g\u00e9pes\u00edtett konyha \u00e9s mos\u00f3g\u00e9p is tal\u00e1lhat\u00f3. szob\u00e1ink Standard szob\u00e1k 6 szoba Max 4 f\u0151 sz\u00e1m\u00e1ra 15.000 Ft-t\u00f3l Minden standard szoba nemdoh\u00e1nyz\u00f3 \u00e9s kis\u00e1llatbar\u00e1t, \u00edgy [&hellip;]\" \/>\n<meta property=\"og:url\" content=\"https:\/\/www.bortonudvar.hu\/index.php\/szobak\/\" \/>\n<meta property=\"og:site_name\" content=\"River Apartmanh\u00e1z ***\" \/>\n<meta property=\"article:publisher\" content=\"https:\/\/www.facebook.com\/riverapartman\" \/>\n<meta property=\"article:modified_time\" content=\"2025-07-21T08:48:43+00:00\" \/>\n<meta property=\"og:image\" content=\"https:\/\/www.bortonudvar.hu\/wp-content\/uploads\/2024\/05\/river-apartman-01.png\" \/>\n\t<meta property=\"og:image:width\" content=\"417\" \/>\n\t<meta property=\"og:image:height\" content=\"417\" \/>\n\t<meta property=\"og:image:type\" content=\"image\/png\" \/>\n<meta name=\"twitter:card\" content=\"summary_large_image\" \/>\n<meta name=\"twitter:label1\" content=\"Becs\u00fclt olvas\u00e1si id\u0151\" \/>\n\t<meta name=\"twitter:data1\" content=\"1 perc\" \/>\n<script type=\"application\/ld+json\" class=\"yoast-schema-graph\">{\"@context\":\"https:\/\/schema.org\",\"@graph\":[{\"@type\":\"WebPage\",\"@id\":\"https:\/\/www.bortonudvar.hu\/index.php\/szobak\/\",\"url\":\"https:\/\/www.bortonudvar.hu\/index.php\/szobak\/\",\"name\":\"Szob\u00e1k - River Apartmanh\u00e1z ***\",\"isPartOf\":{\"@id\":\"https:\/\/www.bortonudvar.hu\/#website\"},\"datePublished\":\"2024-05-09T06:12:07+00:00\",\"dateModified\":\"2025-07-21T08:48:43+00:00\",\"breadcrumb\":{\"@id\":\"https:\/\/www.bortonudvar.hu\/index.php\/szobak\/#breadcrumb\"},\"inLanguage\":\"hu\",\"potentialAction\":[{\"@type\":\"ReadAction\",\"target\":[\"https:\/\/www.bortonudvar.hu\/index.php\/szobak\/\"]}]},{\"@type\":\"BreadcrumbList\",\"@id\":\"https:\/\/www.bortonudvar.hu\/index.php\/szobak\/#breadcrumb\",\"itemListElement\":[{\"@type\":\"ListItem\",\"position\":1,\"name\":\"Home\",\"item\":\"https:\/\/www.bortonudvar.hu\/\"},{\"@type\":\"ListItem\",\"position\":2,\"name\":\"Szob\u00e1k\"}]},{\"@type\":\"WebSite\",\"@id\":\"https:\/\/www.bortonudvar.hu\/#website\",\"url\":\"https:\/\/www.bortonudvar.hu\/\",\"name\":\"River Apartmanh\u00e1z ***\",\"description\":\"\",\"publisher\":{\"@id\":\"https:\/\/www.bortonudvar.hu\/#organization\"},\"potentialAction\":[{\"@type\":\"SearchAction\",\"target\":{\"@type\":\"EntryPoint\",\"urlTemplate\":\"https:\/\/www.bortonudvar.hu\/?s={search_term_string}\"},\"query-input\":{\"@type\":\"PropertyValueSpecification\",\"valueRequired\":true,\"valueName\":\"search_term_string\"}}],\"inLanguage\":\"hu\"},{\"@type\":\"Organization\",\"@id\":\"https:\/\/www.bortonudvar.hu\/#organization\",\"name\":\"River Apartmanh\u00e1z ***\",\"url\":\"https:\/\/www.bortonudvar.hu\/\",\"logo\":{\"@type\":\"ImageObject\",\"inLanguage\":\"hu\",\"@id\":\"https:\/\/www.bortonudvar.hu\/#\/schema\/logo\/image\/\",\"url\":\"https:\/\/www.bortonudvar.hu\/wp-content\/uploads\/2024\/05\/cropped-river-apartman-01.png\",\"contentUrl\":\"https:\/\/www.bortonudvar.hu\/wp-content\/uploads\/2024\/05\/cropped-river-apartman-01.png\",\"width\":512,\"height\":512,\"caption\":\"River Apartmanh\u00e1z ***\"},\"image\":{\"@id\":\"https:\/\/www.bortonudvar.hu\/#\/schema\/logo\/image\/\"},\"sameAs\":[\"https:\/\/www.facebook.com\/riverapartman\"]}]}<\/script>\n<!-- \/ Yoast SEO plugin. -->","yoast_head_json":{"title":"Szob\u00e1k - River Apartmanh\u00e1z ***","robots":{"index":"index","follow":"follow","max-snippet":"max-snippet:-1","max-image-preview":"max-image-preview:large","max-video-preview":"max-video-preview:-1"},"canonical":"https:\/\/www.bortonudvar.hu\/index.php\/szobak\/","og_locale":"hu_HU","og_type":"article","og_title":"Szob\u00e1k - River Apartmanh\u00e1z ***","og_description":"Fedezd fel szob\u00e1inkat! Az apartmanban k\u00e9t szinten tal\u00e1lhat\u00f3k k\u00e9t-, h\u00e1rom- vagy n\u00e9gy\u00e1gyas szob\u00e1k. Az als\u00f3 szinten standard szob\u00e1ink, m\u00edg a fels\u0151 szinten 2024-ben fel\u00faj\u00edtott deluxe szob\u00e1ink \u00e1llnak rendelkez\u00e9sedre. Az apartmanban k\u00f6z\u00f6s g\u00e9pes\u00edtett konyha \u00e9s mos\u00f3g\u00e9p is tal\u00e1lhat\u00f3. szob\u00e1ink Standard szob\u00e1k 6 szoba Max 4 f\u0151 sz\u00e1m\u00e1ra 15.000 Ft-t\u00f3l Minden standard szoba nemdoh\u00e1nyz\u00f3 \u00e9s kis\u00e1llatbar\u00e1t, \u00edgy [&hellip;]","og_url":"https:\/\/www.bortonudvar.hu\/index.php\/szobak\/","og_site_name":"River Apartmanh\u00e1z ***","article_publisher":"https:\/\/www.facebook.com\/riverapartman","article_modified_time":"2025-07-21T08:48:43+00:00","og_image":[{"width":417,"height":417,"url":"https:\/\/www.bortonudvar.hu\/wp-content\/uploads\/2024\/05\/river-apartman-01.png","type":"image\/png"}],"twitter_card":"summary_large_image","twitter_misc":{"Becs\u00fclt olvas\u00e1si id\u0151":"1 perc"},"schema":{"@context":"https:\/\/schema.org","@graph":[{"@type":"WebPage","@id":"https:\/\/www.bortonudvar.hu\/index.php\/szobak\/","url":"https:\/\/www.bortonudvar.hu\/index.php\/szobak\/","name":"Szob\u00e1k - River Apartmanh\u00e1z ***","isPartOf":{"@id":"https:\/\/www.bortonudvar.hu\/#website"},"datePublished":"2024-05-09T06:12:07+00:00","dateModified":"2025-07-21T08:48:43+00:00","breadcrumb":{"@id":"https:\/\/www.bortonudvar.hu\/index.php\/szobak\/#breadcrumb"},"inLanguage":"hu","potentialAction":[{"@type":"ReadAction","target":["https:\/\/www.bortonudvar.hu\/index.php\/szobak\/"]}]},{"@type":"BreadcrumbList","@id":"https:\/\/www.bortonudvar.hu\/index.php\/szobak\/#breadcrumb","itemListElement":[{"@type":"ListItem","position":1,"name":"Home","item":"https:\/\/www.bortonudvar.hu\/"},{"@type":"ListItem","position":2,"name":"Szob\u00e1k"}]},{"@type":"WebSite","@id":"https:\/\/www.bortonudvar.hu\/#website","url":"https:\/\/www.bortonudvar.hu\/","name":"River Apartmanh\u00e1z ***","description":"","publisher":{"@id":"https:\/\/www.bortonudvar.hu\/#organization"},"potentialAction":[{"@type":"SearchAction","target":{"@type":"EntryPoint","urlTemplate":"https:\/\/www.bortonudvar.hu\/?s={search_term_string}"},"query-input":{"@type":"PropertyValueSpecification","valueRequired":true,"valueName":"search_term_string"}}],"inLanguage":"hu"},{"@type":"Organization","@id":"https:\/\/www.bortonudvar.hu\/#organization","name":"River Apartmanh\u00e1z ***","url":"https:\/\/www.bortonudvar.hu\/","logo":{"@type":"ImageObject","inLanguage":"hu","@id":"https:\/\/www.bortonudvar.hu\/#\/schema\/logo\/image\/","url":"https:\/\/www.bortonudvar.hu\/wp-content\/uploads\/2024\/05\/cropped-river-apartman-01.png","contentUrl":"https:\/\/www.bortonudvar.hu\/wp-content\/uploads\/2024\/05\/cropped-river-apartman-01.png","width":512,"height":512,"caption":"River Apartmanh\u00e1z ***"},"image":{"@id":"https:\/\/www.bortonudvar.hu\/#\/schema\/logo\/image\/"},"sameAs":["https:\/\/www.facebook.com\/riverapartman"]}]}},"_links":{"self":[{"href":"https:\/\/www.bortonudvar.hu\/index.php\/wp-json\/wp\/v2\/pages\/43","targetHints":{"allow":["GET"]}}],"collection":[{"href":"https:\/\/www.bortonudvar.hu\/index.php\/wp-json\/wp\/v2\/pages"}],"about":[{"href":"https:\/\/www.bortonudvar.hu\/index.php\/wp-json\/wp\/v2\/types\/page"}],"author":[{"embeddable":true,"href":"https:\/\/www.bortonudvar.hu\/index.php\/wp-json\/wp\/v2\/users\/2"}],"replies":[{"embeddable":true,"href":"https:\/\/www.bortonudvar.hu\/index.php\/wp-json\/wp\/v2\/comments?post=43"}],"version-history":[{"count":32,"href":"https:\/\/www.bortonudvar.hu\/index.php\/wp-json\/wp\/v2\/pages\/43\/revisions"}],"predecessor-version":[{"id":1020,"href":"https:\/\/www.bortonudvar.hu\/index.php\/wp-json\/wp\/v2\/pages\/43\/revisions\/1020"}],"wp:attachment":[{"href":"https:\/\/www.bortonudvar.hu\/index.php\/wp-json\/wp\/v2\/media?parent=43"}],"curies":[{"name":"wp","href":"https:\/\/api.w.org\/{rel}","templated":true}]}}